{"id":1975,"date":"2019-12-07T06:27:46","date_gmt":"2019-12-07T06:27:46","guid":{"rendered":"http:\/\/source.wpopal.com\/erios\/?page_id=1975"},"modified":"2019-12-07T06:27:46","modified_gmt":"2019-12-07T06:27:46","slug":"rooms-carousel","status":"publish","type":"page","link":"https:\/\/lacasa.rs\/en\/rooms-carousel\/","title":{"rendered":"Rooms Carousel"},"content":{"rendered":"\t\t<div data-elementor-type=\"wp-page\" data-elementor-id=\"1975\" class=\"elementor elementor-1975\">\n\t\t\t\t\t\t\t\t\t<div class=\"elementor-section elementor-top-section elementor-element elementor-element-efe3b06 elementor-section-stretched elementor-section-boxed elementor-section-height-default elementor-section-height-default\" data-id=\"efe3b06\" data-element_type=\"section\" data-settings=\"{&quot;stretch_section&quot;:&quot;section-stretched&quot;}\">\n\t\t\t\t\t\t<div class=\"elementor-container elementor-column-gap-no\">\n\t\t\t\t\t<div class=\"elementor-column elementor-col-100 elementor-top-column elementor-element elementor-element-ac0ca6a\" data-id=\"ac0ca6a\" data-element_type=\"column\">\n\t\t\t<div class=\"elementor-widget-wrap elementor-element-populated\">\n\t\t\t\t\t\t\t\t<div class=\"elementor-element elementor-element-719da60 elementor-widget elementor-widget-opal-room\" data-id=\"719da60\" data-element_type=\"widget\" data-settings=\"{&quot;columns&quot;:&quot;1&quot;,&quot;columns_tablet&quot;:&quot;1&quot;,&quot;columns_mobile&quot;:&quot;1&quot;}\" data-widget_type=\"opal-room.default\">\n\t\t\t\t<div class=\"elementor-widget-container\">\n\t\t\t        <div class=\"elementor-post-wrapper\" id=\"isotope-719da60\">\n            <div class=\"isotope-grid row tp-hotel-booking room-style-3 owl-carousel owl-theme\" data-settings=\"{&quot;navigation&quot;:&quot;dots&quot;,&quot;autoplayHoverPause&quot;:true,&quot;autoplay&quot;:true,&quot;autoplayTimeout&quot;:5000,&quot;items&quot;:&quot;1&quot;,&quot;items_tablet&quot;:&quot;1&quot;,&quot;items_mobile&quot;:&quot;1&quot;,&quot;loop&quot;:true,&quot;margin&quot;:30}\">\n\n                <div class=\"column-item room-entries __all 45-m2 \"><article id=\"post-1760\" class=\"room post-1760 hb_room type-hb_room status-publish has-post-thumbnail hentry hb_room_type-45-m2\">\n    <div class=\"room-inner\">\n        <div class=\"room-post-thumbnail\">\n                            <img loading=\"lazy\" decoding=\"async\" width=\"700\" height=\"467\" src=\"https:\/\/lacasa.rs\/en\/wp-content\/uploads\/2022\/09\/2-700x467.jpg\" class=\"attachment-erios-gallery-image size-erios-gallery-image wp-post-image\" alt=\"\" srcset=\"https:\/\/lacasa.rs\/en\/wp-content\/uploads\/2022\/09\/2-700x467.jpg 700w, https:\/\/lacasa.rs\/en\/wp-content\/uploads\/2022\/09\/2-300x200.jpg 300w, https:\/\/lacasa.rs\/en\/wp-content\/uploads\/2022\/09\/2-1024x683.jpg 1024w, https:\/\/lacasa.rs\/en\/wp-content\/uploads\/2022\/09\/2-768x512.jpg 768w, https:\/\/lacasa.rs\/en\/wp-content\/uploads\/2022\/09\/2-1536x1024.jpg 1536w, https:\/\/lacasa.rs\/en\/wp-content\/uploads\/2022\/09\/2-2048x1365.jpg 2048w\" sizes=\"auto, (max-width: 700px) 100vw, 700px\" \/>                    <\/div><!-- .post-thumbnail -->\n        <div class=\"room-content\">\n            <div class=\"room-content-inner\">\n                \r\n    <div class=\"rating\">\r\n\t\t            <div itemprop=\"reviewRating\" itemscope itemtype=\"http:\/\/schema.org\/Rating\" class=\"star-rating\"\r\n                 title=\"Rated 5 out of 5\">\r\n                <span style=\"width:100%\"><\/span>\r\n            <\/div>\r\n\t\t    <\/div>\r\n\n<div class=\"title\">\n    <h3 class=\"entry-title\">\n        <a href=\"https:\/\/lacasa.rs\/en\/rooms\/lacasa-1\/\">La Casa 1<\/a>\n    <\/h3>\n<\/div>\n<div class=\"room-types\"><a href=\"https:\/\/lacasa.rs\/en\/room-type\/45-m2\/\" rel=\"tag\">45 m2<\/a><\/div>\n                <div class=\"room-description\">\n                    U\u017eivajte u prelepom gradu Vr\u0161cu u na\u0161em modernom i udobnom stanu. La Casa nudi vam sve \u0161to vam je potrebno za miran i ugodan boravak na kra\u0107i ili du\u017ei period. Na\u0161a lokacija je blizu centra grada, tako da je lako do\u0107i do glavnih atrakcija i va\u017enih znamenitosti. Nudimo vam moderan,luksuzan i udoban sme\u0161taj. Stan je &hellip; <span class=\"more-link-wrap\"><a href=\"https:\/\/lacasa.rs\/en\/rooms\/lacasa-1\/\" class=\"more-link\">Read More <span class=\"screen-reader-text\"> \"La Casa 1\"<\/span><\/a><\/span>                <\/div>\n                <div class=\"room-group-style-3\">\n                    \n\n    <div class=\"price\">\n        <span class=\"title-price\">From<\/span>\n\n\t\t            <span class=\"price_value price_min 1\" >40.0&euro;<\/span>\n\t\t\n        <span class=\"unit\">Night<\/span>\n    <\/div>\n                    <a class=\"room-read-link\" href=\"https:\/\/lacasa.rs\/en\/rooms\/lacasa-1\/\">see detail<i class=\"opal-icon-long-arrow-right\"><\/i><\/a>\n                <\/div>\n\n            <\/div>\n        <\/div>\n    <\/div>\n<\/article><!-- #post-## --><\/div><div class=\"column-item room-entries __all 42-m2 \"><article id=\"post-744\" class=\"room post-744 hb_room type-hb_room status-publish has-post-thumbnail hentry hb_room_type-42-m2\">\n    <div class=\"room-inner\">\n        <div class=\"room-post-thumbnail\">\n                            <img loading=\"lazy\" decoding=\"async\" width=\"700\" height=\"467\" src=\"https:\/\/lacasa.rs\/en\/wp-content\/uploads\/2022\/09\/lc2-4-700x467.jpg\" class=\"attachment-erios-gallery-image size-erios-gallery-image wp-post-image\" alt=\"\" srcset=\"https:\/\/lacasa.rs\/en\/wp-content\/uploads\/2022\/09\/lc2-4-700x467.jpg 700w, https:\/\/lacasa.rs\/en\/wp-content\/uploads\/2022\/09\/lc2-4-300x200.jpg 300w, https:\/\/lacasa.rs\/en\/wp-content\/uploads\/2022\/09\/lc2-4-1024x683.jpg 1024w, https:\/\/lacasa.rs\/en\/wp-content\/uploads\/2022\/09\/lc2-4-768x512.jpg 768w, https:\/\/lacasa.rs\/en\/wp-content\/uploads\/2022\/09\/lc2-4-1536x1024.jpg 1536w, https:\/\/lacasa.rs\/en\/wp-content\/uploads\/2022\/09\/lc2-4.jpg 2048w\" sizes=\"auto, (max-width: 700px) 100vw, 700px\" \/>                    <\/div><!-- .post-thumbnail -->\n        <div class=\"room-content\">\n            <div class=\"room-content-inner\">\n                \r\n    <div class=\"rating\">\r\n\t\t            <div itemprop=\"reviewRating\" itemscope itemtype=\"http:\/\/schema.org\/Rating\" class=\"star-rating\"\r\n                 title=\"Rated 4 out of 5\">\r\n                <span style=\"width:90%\"><\/span>\r\n            <\/div>\r\n\t\t    <\/div>\r\n\n<div class=\"title\">\n    <h3 class=\"entry-title\">\n        <a href=\"https:\/\/lacasa.rs\/en\/rooms\/lacasa-2\/\">La Casa 2<\/a>\n    <\/h3>\n<\/div>\n<div class=\"room-types\"><a href=\"https:\/\/lacasa.rs\/en\/room-type\/42-m2\/\" rel=\"tag\">42 m2<\/a><\/div>\n                <div class=\"room-description\">\n                    U\u017eivajte u prelepom gradu Vr\u0161cu u na\u0161em modernom i udobnom stanu. La Casa nudi vam sve \u0161to vam je potrebno za miran i ugodan boravak na kra\u0107i ili du\u017ei period. Na\u0161a lokacija je blizu centra grada, tako da je lako do\u0107i do glavnih atrakcija i va\u017enih znamenitosti. Nudimo vam moderan,luksuzan i udoban sme\u0161taj. Stan je &hellip; <span class=\"more-link-wrap\"><a href=\"https:\/\/lacasa.rs\/en\/rooms\/lacasa-2\/\" class=\"more-link\">Read More <span class=\"screen-reader-text\"> \"La Casa 2\"<\/span><\/a><\/span>                <\/div>\n                <div class=\"room-group-style-3\">\n                    \n\n    <div class=\"price\">\n        <span class=\"title-price\">From<\/span>\n\n\t\t            <span class=\"price_value price_min 1\" >40.0&euro;<\/span>\n\t\t\n        <span class=\"unit\">Night<\/span>\n    <\/div>\n                    <a class=\"room-read-link\" href=\"https:\/\/lacasa.rs\/en\/rooms\/lacasa-2\/\">see detail<i class=\"opal-icon-long-arrow-right\"><\/i><\/a>\n                <\/div>\n\n            <\/div>\n        <\/div>\n    <\/div>\n<\/article><!-- #post-## --><\/div><div class=\"column-item room-entries __all 35-m2 balcony \"><article id=\"post-1759\" class=\"room post-1759 hb_room type-hb_room status-publish has-post-thumbnail hentry hb_room_type-35-m2 hb_room_type-balcony\">\n    <div class=\"room-inner\">\n        <div class=\"room-post-thumbnail\">\n                            <img loading=\"lazy\" decoding=\"async\" width=\"700\" height=\"467\" src=\"https:\/\/lacasa.rs\/en\/wp-content\/uploads\/2022\/09\/m-1-700x467.jpg\" class=\"attachment-erios-gallery-image size-erios-gallery-image wp-post-image\" alt=\"\" srcset=\"https:\/\/lacasa.rs\/en\/wp-content\/uploads\/2022\/09\/m-1-700x467.jpg 700w, https:\/\/lacasa.rs\/en\/wp-content\/uploads\/2022\/09\/m-1-300x200.jpg 300w, https:\/\/lacasa.rs\/en\/wp-content\/uploads\/2022\/09\/m-1-1024x683.jpg 1024w, https:\/\/lacasa.rs\/en\/wp-content\/uploads\/2022\/09\/m-1-768x512.jpg 768w, https:\/\/lacasa.rs\/en\/wp-content\/uploads\/2022\/09\/m-1-1536x1024.jpg 1536w, https:\/\/lacasa.rs\/en\/wp-content\/uploads\/2022\/09\/m-1.jpg 2048w\" sizes=\"auto, (max-width: 700px) 100vw, 700px\" \/>                    <\/div><!-- .post-thumbnail -->\n        <div class=\"room-content\">\n            <div class=\"room-content-inner\">\n                \r\n    <div class=\"rating\">\r\n\t\t            <div itemprop=\"reviewRating\" itemscope itemtype=\"http:\/\/schema.org\/Rating\" class=\"star-rating\"\r\n                 title=\"Rated 5 out of 5\">\r\n                <span style=\"width:100%\"><\/span>\r\n            <\/div>\r\n\t\t    <\/div>\r\n\n<div class=\"title\">\n    <h3 class=\"entry-title\">\n        <a href=\"https:\/\/lacasa.rs\/en\/rooms\/lacasa-m\/\">La Casa M<\/a>\n    <\/h3>\n<\/div>\n<div class=\"room-types\"><a href=\"https:\/\/lacasa.rs\/en\/room-type\/35-m2\/\" rel=\"tag\">35 m2<\/a><a href=\"https:\/\/lacasa.rs\/en\/room-type\/balcony\/\" rel=\"tag\">Balcony<\/a><\/div>\n                <div class=\"room-description\">\n                    U\u017eivajte u prelepom gradu Vr\u0161cu u na\u0161em modernom i udobnom stanu. La Casa nudi vam sve \u0161to vam je potrebno za miran i ugodan boravak na kra\u0107i ili du\u017ei period. Na\u0161a lokacija je blizu centra grada, tako da je lako do\u0107i do glavnih atrakcija i va\u017enih znamenitosti. Nudimo vam moderan,luksuzan i udoban sme\u0161taj. Stan je &hellip; <span class=\"more-link-wrap\"><a href=\"https:\/\/lacasa.rs\/en\/rooms\/lacasa-m\/\" class=\"more-link\">Read More <span class=\"screen-reader-text\"> \"La Casa M\"<\/span><\/a><\/span>                <\/div>\n                <div class=\"room-group-style-3\">\n                    \n\n    <div class=\"price\">\n        <span class=\"title-price\">From<\/span>\n\n\t\t            <span class=\"price_value price_min 1\" >40.0&euro;<\/span>\n\t\t\n        <span class=\"unit\">Night<\/span>\n    <\/div>\n                    <a class=\"room-read-link\" href=\"https:\/\/lacasa.rs\/en\/rooms\/lacasa-m\/\">see detail<i class=\"opal-icon-long-arrow-right\"><\/i><\/a>\n                <\/div>\n\n            <\/div>\n        <\/div>\n    <\/div>\n<\/article><!-- #post-## --><\/div>            <\/div>\n        <\/div>\n        \t\t<\/div>\n\t\t\t\t<\/div>\n\t\t\t\t\t<\/div>\n\t\t<\/div>\n\t\t\t\t\t\t\t<\/div>\n\t\t<\/div>\n\t\t\t\t\t\t\t<\/div>\n\t\t","protected":false},"excerpt":{"rendered":"","protected":false},"author":1,"featured_media":0,"parent":0,"menu_order":0,"comment_status":"closed","ping_status":"closed","template":"page-elementor.php","meta":{"inline_featured_image":false,"footnotes":""},"class_list":["post-1975","page","type-page","status-publish","hentry"],"_links":{"self":[{"href":"https:\/\/lacasa.rs\/en\/wp-json\/wp\/v2\/pages\/1975","targetHints":{"allow":["GET"]}}],"collection":[{"href":"https:\/\/lacasa.rs\/en\/wp-json\/wp\/v2\/pages"}],"about":[{"href":"https:\/\/lacasa.rs\/en\/wp-json\/wp\/v2\/types\/page"}],"author":[{"embeddable":true,"href":"https:\/\/lacasa.rs\/en\/wp-json\/wp\/v2\/users\/1"}],"replies":[{"embeddable":true,"href":"https:\/\/lacasa.rs\/en\/wp-json\/wp\/v2\/comments?post=1975"}],"version-history":[{"count":0,"href":"https:\/\/lacasa.rs\/en\/wp-json\/wp\/v2\/pages\/1975\/revisions"}],"wp:attachment":[{"href":"https:\/\/lacasa.rs\/en\/wp-json\/wp\/v2\/media?parent=1975"}],"curies":[{"name":"wp","href":"https:\/\/api.w.org\/{rel}","templated":true}]}}