{"id":547,"date":"2019-07-19T03:02:05","date_gmt":"2019-07-19T03:02:05","guid":{"rendered":"http:\/\/source.wpopal.com\/erios\/?page_id=547"},"modified":"2022-10-06T14:34:20","modified_gmt":"2022-10-06T14:34:20","slug":"testimonial","status":"publish","type":"page","link":"https:\/\/lacasa.rs\/en\/testimonial\/","title":{"rendered":"Recenzije"},"content":{"rendered":"\t\t<div data-elementor-type=\"wp-post\" data-elementor-id=\"547\" class=\"elementor elementor-547\">\n\t\t\t\t\t\t\t\t\t<div class=\"elementor-section elementor-top-section elementor-element elementor-element-6329b57 elementor-section-stretched elementor-section-boxed elementor-section-height-default elementor-section-height-default\" data-id=\"6329b57\" data-element_type=\"section\" data-settings=\"{&quot;stretch_section&quot;:&quot;section-stretched&quot;}\">\n\t\t\t\t\t\t<div class=\"elementor-container elementor-column-gap-no\">\n\t\t\t\t\t<div class=\"elementor-column elementor-col-33 elementor-top-column elementor-element elementor-element-3505245\" data-id=\"3505245\" data-element_type=\"column\" data-settings=\"{&quot;background_background&quot;:&quot;classic&quot;}\">\n\t\t\t<div class=\"elementor-widget-wrap elementor-element-populated\">\n\t\t\t\t\t\t\t\t<div class=\"elementor-element elementor-element-5cc3743 elementor-widget elementor-widget-opal-testimonials\" data-id=\"5cc3743\" data-element_type=\"widget\" data-widget_type=\"opal-testimonials.default\">\n\t\t\t\t<div class=\"elementor-widget-container\">\n\t\t\t            <div class=\"elementor-testimonial-wrapper elementor-testimonial-text-align-center\">\n                <div class=\"row\" data-elementor-columns=\"1\">\n                                            <div class=\"elementor-testimonial-item column-item\">\n\n                            <div class=\"elementor-testimonial-content-wrapper\">\n\n                                \n                                                                    <h2 class=\"elementor-testimonial-title\">Prelep sme\u0161taj<\/h2>\n                                \n                                <div class=\"elementor-testimonial-content\">\n                                    \nApartman je veoma blizu centra. Potpuno je nov, luksuzan i prelep, sa svim potrebnim sadr\u017eajima. Sve je po najvi\u0161im standardima, ali doslovno!\nDoma\u0107in je veoma ljubazan i pristupa\u010dan i pobrinuo se o svemu do najsitnijih detalja kao \u0161to je dekoracija u stanu. Internet je brz, tv je smart, roletne na prekida\u010d, vrhunski osmi\u0161ljeno!\nNajiskrenije preporuke za svakog ko \u017eeli da poseti ovaj divan grad, za \u010diji obilazak nije dovoljan jedan vikend, ali se mi uvek rado vra\u0107amo.                                <\/div>\n                                <div class=\"elementor-testimonial-meta-inner\">\n\n                                    <div class=\"elementor-testimonial-rating star_5\">\n\n                                                                                    <i class=\"fa fa-star\" aria-hidden=\"true\"><\/i>\n                                                                                        <i class=\"fa fa-star\" aria-hidden=\"true\"><\/i>\n                                                                                        <i class=\"fa fa-star\" aria-hidden=\"true\"><\/i>\n                                                                                        <i class=\"fa fa-star\" aria-hidden=\"true\"><\/i>\n                                                                                        <i class=\"fa fa-star\" aria-hidden=\"true\"><\/i>\n                                                                                <\/div>\n\n                                            <div class=\"elementor-testimonial-image\">\n            <img loading=\"lazy\" decoding=\"async\" width=\"512\" height=\"512\" src=\"https:\/\/lacasa.rs\/en\/wp-content\/uploads\/2022\/09\/cropped-logo-512.jpg\" class=\"attachment-full size-full\" alt=\"\" srcset=\"https:\/\/lacasa.rs\/en\/wp-content\/uploads\/2022\/09\/cropped-logo-512.jpg 512w, https:\/\/lacasa.rs\/en\/wp-content\/uploads\/2022\/09\/cropped-logo-512-300x300.jpg 300w, https:\/\/lacasa.rs\/en\/wp-content\/uploads\/2022\/09\/cropped-logo-512-150x150.jpg 150w, https:\/\/lacasa.rs\/en\/wp-content\/uploads\/2022\/09\/cropped-logo-512-400x400.jpg 400w, https:\/\/lacasa.rs\/en\/wp-content\/uploads\/2022\/09\/cropped-logo-512-100x100.jpg 100w, https:\/\/lacasa.rs\/en\/wp-content\/uploads\/2022\/09\/cropped-logo-512-270x270.jpg 270w, https:\/\/lacasa.rs\/en\/wp-content\/uploads\/2022\/09\/cropped-logo-512-192x192.jpg 192w, https:\/\/lacasa.rs\/en\/wp-content\/uploads\/2022\/09\/cropped-logo-512-180x180.jpg 180w, https:\/\/lacasa.rs\/en\/wp-content\/uploads\/2022\/09\/cropped-logo-512-32x32.jpg 32w\" sizes=\"auto, (max-width: 512px) 100vw, 512px\" \/>        <\/div>\n        \n                                    <div class=\"elementor-testimonial-details\">\n                                                                                <div class=\"elementor-testimonial-name\"><a href=\"#\">Hajnalka<\/a><\/div>\n                                        <div class=\"elementor-testimonial-job\">Septembar 25, 2022<\/div>\n                                    <\/div>\n                                <\/div>\n\n                            <\/div>\n\n                        <\/div>\n                                    <\/div>\n            <\/div>\n            \t\t<\/div>\n\t\t\t\t<\/div>\n\t\t\t\t\t<\/div>\n\t\t<\/div>\n\t\t\t\t<div class=\"elementor-column elementor-col-33 elementor-top-column elementor-element elementor-element-8123cb5\" data-id=\"8123cb5\" data-element_type=\"column\" data-settings=\"{&quot;background_background&quot;:&quot;classic&quot;}\">\n\t\t\t<div class=\"elementor-widget-wrap elementor-element-populated\">\n\t\t\t\t\t\t\t\t<div class=\"elementor-element elementor-element-5eb4a69 elementor-widget elementor-widget-opal-testimonials\" data-id=\"5eb4a69\" data-element_type=\"widget\" data-widget_type=\"opal-testimonials.default\">\n\t\t\t\t<div class=\"elementor-widget-container\">\n\t\t\t            <div class=\"elementor-testimonial-wrapper elementor-testimonial-text-align-center\">\n                <div class=\"row\" data-elementor-columns=\"1\">\n                                            <div class=\"elementor-testimonial-item column-item\">\n\n                            <div class=\"elementor-testimonial-content-wrapper\">\n\n                                \n                                                                    <h2 class=\"elementor-testimonial-title\">First class!<\/h2>\n                                \n                                <div class=\"elementor-testimonial-content\">\n                                    We had an excellent time in this apartment. It was very clean and well equiped. All new and tidy. The owner is also very nice and friendly. We truly recommend it.                                <\/div>\n                                <div class=\"elementor-testimonial-meta-inner\">\n\n                                    <div class=\"elementor-testimonial-rating star_5\">\n\n                                                                                    <i class=\"fa fa-star\" aria-hidden=\"true\"><\/i>\n                                                                                        <i class=\"fa fa-star\" aria-hidden=\"true\"><\/i>\n                                                                                        <i class=\"fa fa-star\" aria-hidden=\"true\"><\/i>\n                                                                                        <i class=\"fa fa-star\" aria-hidden=\"true\"><\/i>\n                                                                                        <i class=\"fa fa-star\" aria-hidden=\"true\"><\/i>\n                                                                                <\/div>\n\n                                            <div class=\"elementor-testimonial-image\">\n            <img loading=\"lazy\" decoding=\"async\" width=\"512\" height=\"512\" src=\"https:\/\/lacasa.rs\/en\/wp-content\/uploads\/2022\/09\/logo-512.jpg\" class=\"attachment-full size-full\" alt=\"\" srcset=\"https:\/\/lacasa.rs\/en\/wp-content\/uploads\/2022\/09\/logo-512.jpg 512w, https:\/\/lacasa.rs\/en\/wp-content\/uploads\/2022\/09\/logo-512-300x300.jpg 300w, https:\/\/lacasa.rs\/en\/wp-content\/uploads\/2022\/09\/logo-512-150x150.jpg 150w, https:\/\/lacasa.rs\/en\/wp-content\/uploads\/2022\/09\/logo-512-400x400.jpg 400w, https:\/\/lacasa.rs\/en\/wp-content\/uploads\/2022\/09\/logo-512-100x100.jpg 100w\" sizes=\"auto, (max-width: 512px) 100vw, 512px\" \/>        <\/div>\n        \n                                    <div class=\"elementor-testimonial-details\">\n                                                                                <div class=\"elementor-testimonial-name\"><a href=\"#\">Oana<\/a><\/div>\n                                        <div class=\"elementor-testimonial-job\">Oktobar 02, 2022<\/div>\n                                    <\/div>\n                                <\/div>\n\n                            <\/div>\n\n                        <\/div>\n                                    <\/div>\n            <\/div>\n            \t\t<\/div>\n\t\t\t\t<\/div>\n\t\t\t\t\t<\/div>\n\t\t<\/div>\n\t\t\t\t<div class=\"elementor-column elementor-col-33 elementor-top-column elementor-element elementor-element-2c0471f\" data-id=\"2c0471f\" data-element_type=\"column\" data-settings=\"{&quot;background_background&quot;:&quot;classic&quot;}\">\n\t\t\t<div class=\"elementor-widget-wrap elementor-element-populated\">\n\t\t\t\t\t\t\t\t<div class=\"elementor-element elementor-element-ac00fc2 elementor-widget elementor-widget-opal-testimonials\" data-id=\"ac00fc2\" data-element_type=\"widget\" data-widget_type=\"opal-testimonials.default\">\n\t\t\t\t<div class=\"elementor-widget-container\">\n\t\t\t            <div class=\"elementor-testimonial-wrapper elementor-testimonial-text-align-center\">\n                <div class=\"row\" data-elementor-columns=\"1\">\n                                            <div class=\"elementor-testimonial-item column-item\">\n\n                            <div class=\"elementor-testimonial-content-wrapper\">\n\n                                \n                                                                    <h2 class=\"elementor-testimonial-title\">xxxxxxxxxx<\/h2>\n                                \n                                <div class=\"elementor-testimonial-content\">\n                                    xxxxxxxxxxxxxxxxxxxxxxxxxxxxxxxxxxxxxxxxxxxxxxxxxxxxxxxxxxxxxxxxxxxxxxxxxxxxxxxxxxxxxxxxxxxxxxxxxxxxxxxxxxxxxxxxxxxxxxxxxxxxxxxxxxxxxxxxxxxxxxxxxxxxxxxxxxxxxxxxxxxxxxxxxxxxxxxxxxxxxxxxxxxxxxxxx                                <\/div>\n                                <div class=\"elementor-testimonial-meta-inner\">\n\n                                    <div class=\"elementor-testimonial-rating star_5\">\n\n                                                                                    <i class=\"fa fa-star\" aria-hidden=\"true\"><\/i>\n                                                                                        <i class=\"fa fa-star\" aria-hidden=\"true\"><\/i>\n                                                                                        <i class=\"fa fa-star\" aria-hidden=\"true\"><\/i>\n                                                                                        <i class=\"fa fa-star\" aria-hidden=\"true\"><\/i>\n                                                                                        <i class=\"fa fa-star\" aria-hidden=\"true\"><\/i>\n                                                                                <\/div>\n\n                                            <div class=\"elementor-testimonial-image\">\n            <img loading=\"lazy\" decoding=\"async\" width=\"512\" height=\"512\" src=\"https:\/\/lacasa.rs\/en\/wp-content\/uploads\/2022\/09\/logo-512.jpg\" class=\"attachment-full size-full\" alt=\"\" srcset=\"https:\/\/lacasa.rs\/en\/wp-content\/uploads\/2022\/09\/logo-512.jpg 512w, https:\/\/lacasa.rs\/en\/wp-content\/uploads\/2022\/09\/logo-512-300x300.jpg 300w, https:\/\/lacasa.rs\/en\/wp-content\/uploads\/2022\/09\/logo-512-150x150.jpg 150w, https:\/\/lacasa.rs\/en\/wp-content\/uploads\/2022\/09\/logo-512-400x400.jpg 400w, https:\/\/lacasa.rs\/en\/wp-content\/uploads\/2022\/09\/logo-512-100x100.jpg 100w\" sizes=\"auto, (max-width: 512px) 100vw, 512px\" \/>        <\/div>\n        \n                                    <div class=\"elementor-testimonial-details\">\n                                                                                <div class=\"elementor-testimonial-name\"><a href=\"#\">xxxxxxxxx<\/a><\/div>\n                                        <div class=\"elementor-testimonial-job\">May 20, 2019<\/div>\n                                    <\/div>\n                                <\/div>\n\n                            <\/div>\n\n                        <\/div>\n                                    <\/div>\n            <\/div>\n            \t\t<\/div>\n\t\t\t\t<\/div>\n\t\t\t\t\t<\/div>\n\t\t<\/div>\n\t\t\t\t\t\t\t<\/div>\n\t\t<\/div>\n\t\t\t\t\t\t\t<\/div>\n\t\t","protected":false},"excerpt":{"rendered":"<p>Prelep sme\u0161taj Apartman je veoma blizu centra. Potpuno je nov, luksuzan i prelep, sa svim potrebnim sadr\u017eajima. Sve je po najvi\u0161im standardima, ali doslovno! Doma\u0107in je veoma ljubazan i pristupa\u010dan i pobrinuo se o svemu do najsitnijih detalja kao \u0161to je dekoracija u stanu. Internet je brz, tv je smart, roletne na prekida\u010d, vrhunski osmi\u0161ljeno! &hellip; <span class=\"more-link-wrap\"><a href=\"https:\/\/lacasa.rs\/en\/testimonial\/\" class=\"more-link\">Read More <span class=\"screen-reader-text\"> &#8220;Recenzije&#8221;<\/span><\/a><\/span><\/p>\n","protected":false},"author":1,"featured_media":0,"parent":0,"menu_order":0,"comment_status":"closed","ping_status":"closed","template":"page-elementor.php","meta":{"inline_featured_image":false,"footnotes":""},"class_list":["post-547","page","type-page","status-publish","hentry"],"_links":{"self":[{"href":"https:\/\/lacasa.rs\/en\/wp-json\/wp\/v2\/pages\/547","targetHints":{"allow":["GET"]}}],"collection":[{"href":"https:\/\/lacasa.rs\/en\/wp-json\/wp\/v2\/pages"}],"about":[{"href":"https:\/\/lacasa.rs\/en\/wp-json\/wp\/v2\/types\/page"}],"author":[{"embeddable":true,"href":"https:\/\/lacasa.rs\/en\/wp-json\/wp\/v2\/users\/1"}],"replies":[{"embeddable":true,"href":"https:\/\/lacasa.rs\/en\/wp-json\/wp\/v2\/comments?post=547"}],"version-history":[{"count":16,"href":"https:\/\/lacasa.rs\/en\/wp-json\/wp\/v2\/pages\/547\/revisions"}],"predecessor-version":[{"id":2987,"href":"https:\/\/lacasa.rs\/en\/wp-json\/wp\/v2\/pages\/547\/revisions\/2987"}],"wp:attachment":[{"href":"https:\/\/lacasa.rs\/en\/wp-json\/wp\/v2\/media?parent=547"}],"curies":[{"name":"wp","href":"https:\/\/api.w.org\/{rel}","templated":true}]}}