{"id":1990,"date":"2019-12-07T06:42:55","date_gmt":"2019-12-07T06:42:55","guid":{"rendered":"http:\/\/source.wpopal.com\/erios\/?page_id=1990"},"modified":"2019-12-07T06:42:55","modified_gmt":"2019-12-07T06:42:55","slug":"rooms-chess-view","status":"publish","type":"page","link":"https:\/\/lacasa.rs\/ro\/rooms-chess-view\/","title":{"rendered":"Rooms Chess View"},"content":{"rendered":"\t\t<div data-elementor-type=\"wp-page\" data-elementor-id=\"1990\" class=\"elementor elementor-1990\">\n\t\t\t\t\t\t\t\t\t<div class=\"elementor-section elementor-top-section elementor-element elementor-element-efe3b06 elementor-section-stretched elementor-section-boxed elementor-section-height-default elementor-section-height-default\" data-id=\"efe3b06\" data-element_type=\"section\" data-settings=\"{&quot;stretch_section&quot;:&quot;section-stretched&quot;}\">\n\t\t\t\t\t\t<div class=\"elementor-container elementor-column-gap-no\">\n\t\t\t\t\t<div class=\"elementor-column elementor-col-100 elementor-top-column elementor-element elementor-element-ac0ca6a\" data-id=\"ac0ca6a\" data-element_type=\"column\">\n\t\t\t<div class=\"elementor-widget-wrap elementor-element-populated\">\n\t\t\t\t\t\t\t\t<div class=\"elementor-element elementor-element-dbf0220 elementor-widget elementor-widget-opal-room\" data-id=\"dbf0220\" data-element_type=\"widget\" data-settings=\"{&quot;columns&quot;:&quot;1&quot;,&quot;columns_tablet&quot;:&quot;2&quot;,&quot;columns_mobile&quot;:&quot;1&quot;}\" data-widget_type=\"opal-room.default\">\n\t\t\t\t<div class=\"elementor-widget-container\">\n\t\t\t        <div class=\"elementor-post-wrapper\" id=\"isotope-dbf0220\">\n            <div class=\"isotope-grid row tp-hotel-booking room-style-3\" data-elementor-columns=\"1\" data-elementor-columns-tablet=\"2\" data-elementor-columns-mobile=\"1\">\n\n                <div class=\"column-item room-entries __all 45-m2 \"><article id=\"post-1760\" class=\"room post-1760 hb_room type-hb_room status-publish has-post-thumbnail hentry hb_room_type-45-m2\">\n    <div class=\"room-inner\">\n        <div class=\"room-post-thumbnail\">\n                            <img loading=\"lazy\" decoding=\"async\" width=\"700\" height=\"467\" src=\"https:\/\/lacasa.rs\/ro\/wp-content\/uploads\/2022\/09\/2-700x467.jpg\" class=\"attachment-erios-gallery-image size-erios-gallery-image wp-post-image\" alt=\"\" srcset=\"https:\/\/lacasa.rs\/ro\/wp-content\/uploads\/2022\/09\/2-700x467.jpg 700w, https:\/\/lacasa.rs\/ro\/wp-content\/uploads\/2022\/09\/2-300x200.jpg 300w, https:\/\/lacasa.rs\/ro\/wp-content\/uploads\/2022\/09\/2-1024x683.jpg 1024w, https:\/\/lacasa.rs\/ro\/wp-content\/uploads\/2022\/09\/2-768x512.jpg 768w, https:\/\/lacasa.rs\/ro\/wp-content\/uploads\/2022\/09\/2-1536x1024.jpg 1536w, https:\/\/lacasa.rs\/ro\/wp-content\/uploads\/2022\/09\/2-2048x1365.jpg 2048w\" sizes=\"auto, (max-width: 700px) 100vw, 700px\" \/>                    <\/div><!-- .post-thumbnail -->\n        <div class=\"room-content\">\n            <div class=\"room-content-inner\">\n                \r\n    <div class=\"rating\">\r\n\t\t            <div itemprop=\"reviewRating\" itemscope itemtype=\"http:\/\/schema.org\/Rating\" class=\"star-rating\"\r\n                 title=\"Rated 5 out of 5\">\r\n                <span style=\"width:100%\"><\/span>\r\n            <\/div>\r\n\t\t    <\/div>\r\n\n<div class=\"title\">\n    <h3 class=\"entry-title\">\n        <a href=\"https:\/\/lacasa.rs\/ro\/rooms\/lacasa-1\/\">La Casa 1<\/a>\n    <\/h3>\n<\/div>\n<div class=\"room-types\"><a href=\"https:\/\/lacasa.rs\/ro\/room-type\/45-m2\/\" rel=\"tag\">45 m2<\/a><\/div>\n                <div class=\"room-description\">\n                    Cu un interior modern \u0219i un design minimalist La Casa 1 este loca\u021bia perfect\u0103 pentru a v\u0103 conecta cu energia \u0219i vibe-ul poporului s\u00e2rbesc. Acest loc confortabil din inima ora\u0219ului este echipat cu aer condi\u021bionat, WIFI, Smart TV, canapea extensibil\u0103 \u0219i central\u0103 termic\u0103. Apartamentul este situat \u00een apropiere de centrul ora\u0219ului,\u00a0 astfel \u00eenc\u00e2t principalele atrac\u021bii\u00a0 &hellip; <span class=\"more-link-wrap\"><a href=\"https:\/\/lacasa.rs\/ro\/rooms\/lacasa-1\/\" class=\"more-link\">Read More <span class=\"screen-reader-text\"> \"La Casa 1\"<\/span><\/a><\/span>                <\/div>\n                <div class=\"room-group-style-3\">\n                    \n\n    <div class=\"price\">\n        <span class=\"title-price\">From<\/span>\n\n\t\t            <span class=\"price_value price_min 1\" >40.0&euro;<\/span>\n\t\t\n        <span class=\"unit\">Night<\/span>\n    <\/div>\n                    <a class=\"room-read-link\" href=\"https:\/\/lacasa.rs\/ro\/rooms\/lacasa-1\/\">see detail<i class=\"opal-icon-long-arrow-right\"><\/i><\/a>\n                <\/div>\n\n            <\/div>\n        <\/div>\n    <\/div>\n<\/article><!-- #post-## --><\/div><div class=\"column-item room-entries __all 42-m2 \"><article id=\"post-744\" class=\"room post-744 hb_room type-hb_room status-publish has-post-thumbnail hentry hb_room_type-42-m2\">\n    <div class=\"room-inner\">\n        <div class=\"room-post-thumbnail\">\n                            <img loading=\"lazy\" decoding=\"async\" width=\"700\" height=\"467\" src=\"https:\/\/lacasa.rs\/ro\/wp-content\/uploads\/2022\/09\/lc2-4-700x467.jpg\" class=\"attachment-erios-gallery-image size-erios-gallery-image wp-post-image\" alt=\"\" srcset=\"https:\/\/lacasa.rs\/ro\/wp-content\/uploads\/2022\/09\/lc2-4-700x467.jpg 700w, https:\/\/lacasa.rs\/ro\/wp-content\/uploads\/2022\/09\/lc2-4-300x200.jpg 300w, https:\/\/lacasa.rs\/ro\/wp-content\/uploads\/2022\/09\/lc2-4-1024x683.jpg 1024w, https:\/\/lacasa.rs\/ro\/wp-content\/uploads\/2022\/09\/lc2-4-768x512.jpg 768w, https:\/\/lacasa.rs\/ro\/wp-content\/uploads\/2022\/09\/lc2-4-1536x1024.jpg 1536w, https:\/\/lacasa.rs\/ro\/wp-content\/uploads\/2022\/09\/lc2-4.jpg 2048w\" sizes=\"auto, (max-width: 700px) 100vw, 700px\" \/>                    <\/div><!-- .post-thumbnail -->\n        <div class=\"room-content\">\n            <div class=\"room-content-inner\">\n                \r\n    <div class=\"rating\">\r\n\t\t            <div itemprop=\"reviewRating\" itemscope itemtype=\"http:\/\/schema.org\/Rating\" class=\"star-rating\"\r\n                 title=\"Rated 4 out of 5\">\r\n                <span style=\"width:90%\"><\/span>\r\n            <\/div>\r\n\t\t    <\/div>\r\n\n<div class=\"title\">\n    <h3 class=\"entry-title\">\n        <a href=\"https:\/\/lacasa.rs\/ro\/rooms\/lacasa-2\/\">La Casa 2<\/a>\n    <\/h3>\n<\/div>\n<div class=\"room-types\"><a href=\"https:\/\/lacasa.rs\/ro\/room-type\/42-m2\/\" rel=\"tag\">42 m2<\/a><\/div>\n                <div class=\"room-description\">\n                    V\u0103 punem la dispozi\u021bie acest apartament complet renovat \u0219i complet echipat ( aer conditionat, wifi,smart tv,\u00a0 canapea extensibila, centrala termic\u0103) pentru a face din sejurul dvs o experien\u021b\u0103 c\u00e2t mai pl\u0103cut\u0103 \u0219i relaxant\u0103. Aflat \u00een apropierea de centrul ora\u0219ului La Casa 2 este perfect\u0103 pentru o familie cu copii sau un cuplu. Fie c\u0103 vre\u021bi &hellip; <span class=\"more-link-wrap\"><a href=\"https:\/\/lacasa.rs\/ro\/rooms\/lacasa-2\/\" class=\"more-link\">Read More <span class=\"screen-reader-text\"> \"La Casa 2\"<\/span><\/a><\/span>                <\/div>\n                <div class=\"room-group-style-3\">\n                    \n\n    <div class=\"price\">\n        <span class=\"title-price\">From<\/span>\n\n\t\t            <span class=\"price_value price_min 1\" >40.0&euro;<\/span>\n\t\t\n        <span class=\"unit\">Night<\/span>\n    <\/div>\n                    <a class=\"room-read-link\" href=\"https:\/\/lacasa.rs\/ro\/rooms\/lacasa-2\/\">see detail<i class=\"opal-icon-long-arrow-right\"><\/i><\/a>\n                <\/div>\n\n            <\/div>\n        <\/div>\n    <\/div>\n<\/article><!-- #post-## --><\/div><div class=\"column-item room-entries __all 35-m2 balcon \"><article id=\"post-1759\" class=\"room post-1759 hb_room type-hb_room status-publish has-post-thumbnail hentry hb_room_type-35-m2 hb_room_type-balcon\">\n    <div class=\"room-inner\">\n        <div class=\"room-post-thumbnail\">\n                            <img loading=\"lazy\" decoding=\"async\" width=\"700\" height=\"467\" src=\"https:\/\/lacasa.rs\/ro\/wp-content\/uploads\/2022\/09\/m-1-700x467.jpg\" class=\"attachment-erios-gallery-image size-erios-gallery-image wp-post-image\" alt=\"\" srcset=\"https:\/\/lacasa.rs\/ro\/wp-content\/uploads\/2022\/09\/m-1-700x467.jpg 700w, https:\/\/lacasa.rs\/ro\/wp-content\/uploads\/2022\/09\/m-1-300x200.jpg 300w, https:\/\/lacasa.rs\/ro\/wp-content\/uploads\/2022\/09\/m-1-1024x683.jpg 1024w, https:\/\/lacasa.rs\/ro\/wp-content\/uploads\/2022\/09\/m-1-768x512.jpg 768w, https:\/\/lacasa.rs\/ro\/wp-content\/uploads\/2022\/09\/m-1-1536x1024.jpg 1536w, https:\/\/lacasa.rs\/ro\/wp-content\/uploads\/2022\/09\/m-1.jpg 2048w\" sizes=\"auto, (max-width: 700px) 100vw, 700px\" \/>                    <\/div><!-- .post-thumbnail -->\n        <div class=\"room-content\">\n            <div class=\"room-content-inner\">\n                \r\n    <div class=\"rating\">\r\n\t\t            <div itemprop=\"reviewRating\" itemscope itemtype=\"http:\/\/schema.org\/Rating\" class=\"star-rating\"\r\n                 title=\"Rated 5 out of 5\">\r\n                <span style=\"width:100%\"><\/span>\r\n            <\/div>\r\n\t\t    <\/div>\r\n\n<div class=\"title\">\n    <h3 class=\"entry-title\">\n        <a href=\"https:\/\/lacasa.rs\/ro\/rooms\/lacasa-m\/\">La Casa M<\/a>\n    <\/h3>\n<\/div>\n<div class=\"room-types\"><a href=\"https:\/\/lacasa.rs\/ro\/room-type\/35-m2\/\" rel=\"tag\">35 m2<\/a><a href=\"https:\/\/lacasa.rs\/ro\/room-type\/balcon\/\" rel=\"tag\">Balcon<\/a><\/div>\n                <div class=\"room-description\">\n                    Situat\u0103 la doar un km dep\u0103rtare de minunatul centru istoric al Ora\u0219ului Vrsac, Casa M v\u0103 ofer\u0103 lini\u0219tea \u0219i senza\u021bia de ,,Acas\u0103\u201d pe care v-o dori\u021bi chiar \u0219i atunci c\u00e2nd pleca\u021bi \u00eentr-o c\u0103l\u0103torie. Fie c\u0103 sunte\u021bi pe mai multe zile \u00een zona noastr\u0103 sau doar \u00een tranzit, ave\u021bi ocazia s\u0103 v\u0103 bucura\u021bi de o locuin\u021b\u0103 &hellip; <span class=\"more-link-wrap\"><a href=\"https:\/\/lacasa.rs\/ro\/rooms\/lacasa-m\/\" class=\"more-link\">Read More <span class=\"screen-reader-text\"> \"La Casa M\"<\/span><\/a><\/span>                <\/div>\n                <div class=\"room-group-style-3\">\n                    \n\n    <div class=\"price\">\n        <span class=\"title-price\">From<\/span>\n\n\t\t            <span class=\"price_value price_min 1\" >40.0&euro;<\/span>\n\t\t\n        <span class=\"unit\">Night<\/span>\n    <\/div>\n                    <a class=\"room-read-link\" href=\"https:\/\/lacasa.rs\/ro\/rooms\/lacasa-m\/\">see detail<i class=\"opal-icon-long-arrow-right\"><\/i><\/a>\n                <\/div>\n\n            <\/div>\n        <\/div>\n    <\/div>\n<\/article><!-- #post-## --><\/div>            <\/div>\n        <\/div>\n        \t\t<\/div>\n\t\t\t\t<\/div>\n\t\t\t\t\t<\/div>\n\t\t<\/div>\n\t\t\t\t\t\t\t<\/div>\n\t\t<\/div>\n\t\t\t\t\t\t\t<\/div>\n\t\t","protected":false},"excerpt":{"rendered":"","protected":false},"author":1,"featured_media":0,"parent":0,"menu_order":0,"comment_status":"closed","ping_status":"closed","template":"page-elementor.php","meta":{"inline_featured_image":false,"footnotes":""},"class_list":["post-1990","page","type-page","status-publish","hentry"],"_links":{"self":[{"href":"https:\/\/lacasa.rs\/ro\/wp-json\/wp\/v2\/pages\/1990","targetHints":{"allow":["GET"]}}],"collection":[{"href":"https:\/\/lacasa.rs\/ro\/wp-json\/wp\/v2\/pages"}],"about":[{"href":"https:\/\/lacasa.rs\/ro\/wp-json\/wp\/v2\/types\/page"}],"author":[{"embeddable":true,"href":"https:\/\/lacasa.rs\/ro\/wp-json\/wp\/v2\/users\/1"}],"replies":[{"embeddable":true,"href":"https:\/\/lacasa.rs\/ro\/wp-json\/wp\/v2\/comments?post=1990"}],"version-history":[{"count":0,"href":"https:\/\/lacasa.rs\/ro\/wp-json\/wp\/v2\/pages\/1990\/revisions"}],"wp:attachment":[{"href":"https:\/\/lacasa.rs\/ro\/wp-json\/wp\/v2\/media?parent=1990"}],"curies":[{"name":"wp","href":"https:\/\/api.w.org\/{rel}","templated":true}]}}